{"id":81,"date":"2022-01-06T21:51:45","date_gmt":"2022-01-06T18:51:45","guid":{"rendered":"https:\/\/sivaskizogrencipansiyonu.com\/sivaspansiyon\/?page_id=81"},"modified":"2022-01-06T21:51:45","modified_gmt":"2022-01-06T18:51:45","slug":"adres","status":"publish","type":"page","link":"https:\/\/sivaskizogrencipansiyonu.com\/sivaspansiyon\/?page_id=81","title":{"rendered":"ADRES"},"content":{"rendered":"<h2 style=\"text-align: center;\"><strong>Demirciler Ard\u0131 Mahallesi.<\/strong><\/h2>\n<h2 style=\"text-align: center;\"><strong>8.sokak Akta\u015f Apartman\u0131 No:2<\/strong><\/h2>\n<h2 style=\"text-align: center;\"><strong>58130 Merkez\/Sivas<\/strong><\/h2>\n","protected":false},"excerpt":{"rendered":"<p>Demirciler Ard\u0131 Mahallesi. 8.sokak Akta\u015f Apartman\u0131 No:2 58130 Merkez\/Sivas<\/p>\n","protected":false},"author":1,"featured_media":0,"parent":0,"menu_order":0,"comment_status":"closed","ping_status":"closed","template":"","meta":{"footnotes":""},"class_list":["post-81","page","type-page","status-publish","hentry"],"_links":{"self":[{"href":"https:\/\/sivaskizogrencipansiyonu.com\/sivaspansiyon\/index.php?rest_route=\/wp\/v2\/pages\/81"}],"collection":[{"href":"https:\/\/sivaskizogrencipansiyonu.com\/sivaspansiyon\/index.php?rest_route=\/wp\/v2\/pages"}],"about":[{"href":"https:\/\/sivaskizogrencipansiyonu.com\/sivaspansiyon\/index.php?rest_route=\/wp\/v2\/types\/page"}],"author":[{"embeddable":true,"href":"https:\/\/sivaskizogrencipansiyonu.com\/sivaspansiyon\/index.php?rest_route=\/wp\/v2\/users\/1"}],"replies":[{"embeddable":true,"href":"https:\/\/sivaskizogrencipansiyonu.com\/sivaspansiyon\/index.php?rest_route=%2Fwp%2Fv2%2Fcomments&post=81"}],"version-history":[{"count":1,"href":"https:\/\/sivaskizogrencipansiyonu.com\/sivaspansiyon\/index.php?rest_route=\/wp\/v2\/pages\/81\/revisions"}],"predecessor-version":[{"id":82,"href":"https:\/\/sivaskizogrencipansiyonu.com\/sivaspansiyon\/index.php?rest_route=\/wp\/v2\/pages\/81\/revisions\/82"}],"wp:attachment":[{"href":"https:\/\/sivaskizogrencipansiyonu.com\/sivaspansiyon\/index.php?rest_route=%2Fwp%2Fv2%2Fmedia&parent=81"}],"curies":[{"name":"wp","href":"https:\/\/api.w.org\/{rel}","templated":true}]}}